{"id":411,"date":"2019-11-13T16:38:44","date_gmt":"2019-11-13T15:38:44","guid":{"rendered":"http:\/\/www.advance-stoffering.nl\/?page_id=411"},"modified":"2019-11-13T16:44:25","modified_gmt":"2019-11-13T15:44:25","slug":"gordijnen","status":"publish","type":"page","link":"http:\/\/www.advance-stoffering.nl\/?page_id=411","title":{"rendered":"Gordijnen"},"content":{"rendered":"<div class=\"fusion-fullwidth fullwidth-box fusion-builder-row-1 nonhundred-percent-fullwidth non-hundred-percent-height-scrolling\" style=\"--awb-border-radius-top-left:0px;--awb-border-radius-top-right:0px;--awb-border-radius-bottom-right:0px;--awb-border-radius-bottom-left:0px;--awb-flex-wrap:wrap;\" ><div class=\"fusion-builder-row fusion-row\"><div class=\"fusion-layout-column fusion_builder_column fusion-builder-column-0 fusion_builder_column_1_1 1_1 fusion-one-full fusion-column-first fusion-column-last\" style=\"--awb-bg-size:cover;\"><div class=\"fusion-column-wrapper fusion-flex-column-wrapper-legacy\"><div class=\"fusion-text fusion-text-1\"><p>Ook hebben wij een grote collectie overgordijnen, vitrage, inbetweens, horizontale jaloezie\u00ebn, verticale lamellen, vouwgordijnen, paneelgordijnen, rolgordijnen, duo rolgordijnen, Facettes, Pliss\u00e9s, Duettes, Silhouettes, Shutters en vlinderjaloezie\u00ebn.<\/p>\n<\/div><div class=\"fusion-clearfix\"><\/div><\/div><\/div><div class=\"fusion-layout-column fusion_builder_column fusion-builder-column-1 fusion_builder_column_1_2 1_2 fusion-one-half fusion-column-first\" style=\"--awb-bg-size:cover;width:50%;width:calc(50% - ( ( 4% ) * 0.5 ) );margin-right: 4%;\"><div class=\"fusion-column-wrapper fusion-flex-column-wrapper-legacy\"><div class=\"fusion-image-element fusion-image-align-center in-legacy-container\" style=\"text-align:center;--awb-liftup-border-radius:0px;--awb-caption-title-font-family:var(--h2_typography-font-family);--awb-caption-title-font-weight:var(--h2_typography-font-weight);--awb-caption-title-font-style:var(--h2_typography-font-style);--awb-caption-title-size:var(--h2_typography-font-size);--awb-caption-title-transform:var(--h2_typography-text-transform);--awb-caption-title-line-height:var(--h2_typography-line-height);--awb-caption-title-letter-spacing:var(--h2_typography-letter-spacing);\"><div class=\"imageframe-align-center\"><div class=\"awb-image-frame awb-image-frame-1 imageframe-liftup\"><span class=\" fusion-imageframe imageframe-none imageframe-1\"><a href=\"http:\/\/www.advance-stoffering.nl\/wp-content\/uploads\/2019\/11\/IMG_3806-rotated.jpeg\" class=\"fusion-lightbox\" data-rel=\"iLightbox[show]\" data-title=\"IMG_3806\" title=\"IMG_3806\"><img decoding=\"async\" width=\"480\" height=\"640\" src=\"http:\/\/www.advance-stoffering.nl\/wp-content\/uploads\/2019\/11\/IMG_3806-rotated.jpeg\" alt class=\"img-responsive wp-image-380\" srcset=\"http:\/\/www.advance-stoffering.nl\/wp-content\/uploads\/2019\/11\/IMG_3806-200x267.jpeg 200w, http:\/\/www.advance-stoffering.nl\/wp-content\/uploads\/2019\/11\/IMG_3806-400x533.jpeg 400w, http:\/\/www.advance-stoffering.nl\/wp-content\/uploads\/2019\/11\/IMG_3806-rotated.jpeg 480w\" sizes=\"(max-width: 800px) 100vw, 480px\" \/><\/a><\/span><\/div><\/div><\/div><div class=\"fusion-clearfix\"><\/div><\/div><\/div><div class=\"fusion-layout-column fusion_builder_column fusion-builder-column-2 fusion_builder_column_1_2 1_2 fusion-one-half fusion-column-last\" style=\"--awb-bg-size:cover;width:50%;width:calc(50% - ( ( 4% ) * 0.5 ) );\"><div class=\"fusion-column-wrapper fusion-flex-column-wrapper-legacy\"><div class=\"fusion-image-element fusion-image-align-center in-legacy-container\" style=\"text-align:center;--awb-liftup-border-radius:0px;--awb-caption-title-font-family:var(--h2_typography-font-family);--awb-caption-title-font-weight:var(--h2_typography-font-weight);--awb-caption-title-font-style:var(--h2_typography-font-style);--awb-caption-title-size:var(--h2_typography-font-size);--awb-caption-title-transform:var(--h2_typography-text-transform);--awb-caption-title-line-height:var(--h2_typography-line-height);--awb-caption-title-letter-spacing:var(--h2_typography-letter-spacing);\"><div class=\"imageframe-align-center\"><div class=\"awb-image-frame awb-image-frame-2 imageframe-liftup\"><span class=\" fusion-imageframe imageframe-none imageframe-2\"><a href=\"http:\/\/www.advance-stoffering.nl\/wp-content\/uploads\/2019\/11\/IMG_3807-rotated.jpeg\" class=\"fusion-lightbox\" data-rel=\"iLightbox[show]\" data-title=\"IMG_3807\" title=\"IMG_3807\"><img decoding=\"async\" width=\"480\" height=\"640\" src=\"http:\/\/www.advance-stoffering.nl\/wp-content\/uploads\/2019\/11\/IMG_3807-rotated.jpeg\" alt class=\"img-responsive wp-image-381\" srcset=\"http:\/\/www.advance-stoffering.nl\/wp-content\/uploads\/2019\/11\/IMG_3807-200x267.jpeg 200w, http:\/\/www.advance-stoffering.nl\/wp-content\/uploads\/2019\/11\/IMG_3807-400x533.jpeg 400w, http:\/\/www.advance-stoffering.nl\/wp-content\/uploads\/2019\/11\/IMG_3807-rotated.jpeg 480w\" sizes=\"(max-width: 800px) 100vw, 480px\" \/><\/a><\/span><\/div><\/div><\/div><div class=\"fusion-clearfix\"><\/div><\/div><\/div><div class=\"fusion-layout-column fusion_builder_column fusion-builder-column-3 fusion_builder_column_1_3 1_3 fusion-one-third fusion-column-first\" style=\"--awb-bg-size:cover;width:33.333333333333%;width:calc(33.333333333333% - ( ( 4% + 4% ) * 0.33333333333333 ) );margin-right: 4%;\"><div class=\"fusion-column-wrapper fusion-flex-column-wrapper-legacy\"><div class=\"fusion-image-element fusion-image-align-center in-legacy-container\" style=\"text-align:center;--awb-liftup-border-radius:0px;--awb-caption-title-font-family:var(--h2_typography-font-family);--awb-caption-title-font-weight:var(--h2_typography-font-weight);--awb-caption-title-font-style:var(--h2_typography-font-style);--awb-caption-title-size:var(--h2_typography-font-size);--awb-caption-title-transform:var(--h2_typography-text-transform);--awb-caption-title-line-height:var(--h2_typography-line-height);--awb-caption-title-letter-spacing:var(--h2_typography-letter-spacing);\"><div class=\"imageframe-align-center\"><div class=\"awb-image-frame awb-image-frame-3 imageframe-liftup\"><span class=\" fusion-imageframe imageframe-none imageframe-3\"><a href=\"http:\/\/www.advance-stoffering.nl\/wp-content\/uploads\/2019\/11\/IMG_2929.jpeg\" class=\"fusion-lightbox\" data-rel=\"iLightbox[show]\" data-title=\"IMG_2929\" title=\"IMG_2929\"><img decoding=\"async\" width=\"640\" height=\"480\" src=\"http:\/\/www.advance-stoffering.nl\/wp-content\/uploads\/2019\/11\/IMG_2929.jpeg\" alt class=\"img-responsive wp-image-376\" srcset=\"http:\/\/www.advance-stoffering.nl\/wp-content\/uploads\/2019\/11\/IMG_2929-200x150.jpeg 200w, http:\/\/www.advance-stoffering.nl\/wp-content\/uploads\/2019\/11\/IMG_2929-400x300.jpeg 400w, http:\/\/www.advance-stoffering.nl\/wp-content\/uploads\/2019\/11\/IMG_2929-600x450.jpeg 600w, http:\/\/www.advance-stoffering.nl\/wp-content\/uploads\/2019\/11\/IMG_2929.jpeg 640w\" sizes=\"(max-width: 800px) 100vw, 640px\" \/><\/a><\/span><\/div><\/div><\/div><div class=\"fusion-clearfix\"><\/div><\/div><\/div><div class=\"fusion-layout-column fusion_builder_column fusion-builder-column-4 fusion_builder_column_1_3 1_3 fusion-one-third\" style=\"--awb-bg-size:cover;width:33.333333333333%;width:calc(33.333333333333% - ( ( 4% + 4% ) * 0.33333333333333 ) );margin-right: 4%;\"><div class=\"fusion-column-wrapper fusion-flex-column-wrapper-legacy\"><div class=\"fusion-image-element fusion-image-align-center in-legacy-container\" style=\"text-align:center;--awb-liftup-border-radius:0px;--awb-caption-title-font-family:var(--h2_typography-font-family);--awb-caption-title-font-weight:var(--h2_typography-font-weight);--awb-caption-title-font-style:var(--h2_typography-font-style);--awb-caption-title-size:var(--h2_typography-font-size);--awb-caption-title-transform:var(--h2_typography-text-transform);--awb-caption-title-line-height:var(--h2_typography-line-height);--awb-caption-title-letter-spacing:var(--h2_typography-letter-spacing);\"><div class=\"imageframe-align-center\"><div class=\"awb-image-frame awb-image-frame-4 imageframe-liftup\"><span class=\" fusion-imageframe imageframe-none imageframe-4\"><a href=\"http:\/\/www.advance-stoffering.nl\/wp-content\/uploads\/2019\/11\/IMG_3652.jpeg\" class=\"fusion-lightbox\" data-rel=\"iLightbox[show]\" data-title=\"IMG_3652\" title=\"IMG_3652\"><img decoding=\"async\" width=\"640\" height=\"480\" src=\"http:\/\/www.advance-stoffering.nl\/wp-content\/uploads\/2019\/11\/IMG_3652.jpeg\" alt class=\"img-responsive wp-image-377\" srcset=\"http:\/\/www.advance-stoffering.nl\/wp-content\/uploads\/2019\/11\/IMG_3652-200x150.jpeg 200w, http:\/\/www.advance-stoffering.nl\/wp-content\/uploads\/2019\/11\/IMG_3652-400x300.jpeg 400w, http:\/\/www.advance-stoffering.nl\/wp-content\/uploads\/2019\/11\/IMG_3652-600x450.jpeg 600w, http:\/\/www.advance-stoffering.nl\/wp-content\/uploads\/2019\/11\/IMG_3652.jpeg 640w\" sizes=\"(max-width: 800px) 100vw, 640px\" \/><\/a><\/span><\/div><\/div><\/div><div class=\"fusion-clearfix\"><\/div><\/div><\/div><div class=\"fusion-layout-column fusion_builder_column fusion-builder-column-5 fusion_builder_column_1_3 1_3 fusion-one-third fusion-column-last\" style=\"--awb-bg-size:cover;width:33.333333333333%;width:calc(33.333333333333% - ( ( 4% + 4% ) * 0.33333333333333 ) );\"><div class=\"fusion-column-wrapper fusion-flex-column-wrapper-legacy\"><div class=\"fusion-image-element fusion-image-align-center in-legacy-container\" style=\"text-align:center;--awb-liftup-border-radius:0px;--awb-caption-title-font-family:var(--h2_typography-font-family);--awb-caption-title-font-weight:var(--h2_typography-font-weight);--awb-caption-title-font-style:var(--h2_typography-font-style);--awb-caption-title-size:var(--h2_typography-font-size);--awb-caption-title-transform:var(--h2_typography-text-transform);--awb-caption-title-line-height:var(--h2_typography-line-height);--awb-caption-title-letter-spacing:var(--h2_typography-letter-spacing);\"><div class=\"imageframe-align-center\"><div class=\"awb-image-frame awb-image-frame-5 imageframe-liftup\"><span class=\" fusion-imageframe imageframe-none imageframe-5\"><a href=\"http:\/\/www.advance-stoffering.nl\/wp-content\/uploads\/2019\/11\/IMG_3730.jpeg\" class=\"fusion-lightbox\" data-rel=\"iLightbox[show]\" data-title=\"IMG_3730\" title=\"IMG_3730\"><img decoding=\"async\" width=\"640\" height=\"480\" src=\"http:\/\/www.advance-stoffering.nl\/wp-content\/uploads\/2019\/11\/IMG_3730.jpeg\" alt class=\"img-responsive wp-image-379\" srcset=\"http:\/\/www.advance-stoffering.nl\/wp-content\/uploads\/2019\/11\/IMG_3730-200x150.jpeg 200w, http:\/\/www.advance-stoffering.nl\/wp-content\/uploads\/2019\/11\/IMG_3730-400x300.jpeg 400w, http:\/\/www.advance-stoffering.nl\/wp-content\/uploads\/2019\/11\/IMG_3730-600x450.jpeg 600w, http:\/\/www.advance-stoffering.nl\/wp-content\/uploads\/2019\/11\/IMG_3730.jpeg 640w\" sizes=\"(max-width: 800px) 100vw, 640px\" \/><\/a><\/span><\/div><\/div><\/div><div class=\"fusion-clearfix\"><\/div><\/div><\/div><div class=\"fusion-layout-column fusion_builder_column fusion-builder-column-6 fusion_builder_column_1_2 1_2 fusion-one-half fusion-column-first\" style=\"--awb-bg-size:cover;width:50%;width:calc(50% - ( ( 4% ) * 0.5 ) );margin-right: 4%;\"><div class=\"fusion-column-wrapper fusion-flex-column-wrapper-legacy\"><div class=\"fusion-image-element fusion-image-align-center in-legacy-container\" style=\"text-align:center;--awb-liftup-border-radius:0px;--awb-caption-title-font-family:var(--h2_typography-font-family);--awb-caption-title-font-weight:var(--h2_typography-font-weight);--awb-caption-title-font-style:var(--h2_typography-font-style);--awb-caption-title-size:var(--h2_typography-font-size);--awb-caption-title-transform:var(--h2_typography-text-transform);--awb-caption-title-line-height:var(--h2_typography-line-height);--awb-caption-title-letter-spacing:var(--h2_typography-letter-spacing);\"><div class=\"imageframe-align-center\"><div class=\"awb-image-frame awb-image-frame-6 imageframe-liftup\"><span class=\" fusion-imageframe imageframe-none imageframe-6\"><a href=\"http:\/\/www.advance-stoffering.nl\/wp-content\/uploads\/2019\/11\/IMG_3657-rotated.jpeg\" class=\"fusion-lightbox\" data-rel=\"iLightbox[show]\" data-title=\"IMG_3657\" title=\"IMG_3657\"><img decoding=\"async\" width=\"480\" height=\"640\" src=\"http:\/\/www.advance-stoffering.nl\/wp-content\/uploads\/2019\/11\/IMG_3657-rotated.jpeg\" alt class=\"img-responsive wp-image-378\" srcset=\"http:\/\/www.advance-stoffering.nl\/wp-content\/uploads\/2019\/11\/IMG_3657-200x267.jpeg 200w, http:\/\/www.advance-stoffering.nl\/wp-content\/uploads\/2019\/11\/IMG_3657-400x533.jpeg 400w, http:\/\/www.advance-stoffering.nl\/wp-content\/uploads\/2019\/11\/IMG_3657-rotated.jpeg 480w\" sizes=\"(max-width: 800px) 100vw, 480px\" \/><\/a><\/span><\/div><\/div><\/div><div class=\"fusion-clearfix\"><\/div><\/div><\/div><div class=\"fusion-layout-column fusion_builder_column fusion-builder-column-7 fusion_builder_column_1_2 1_2 fusion-one-half fusion-column-last\" style=\"--awb-bg-size:cover;width:50%;width:calc(50% - ( ( 4% ) * 0.5 ) );\"><div class=\"fusion-column-wrapper fusion-flex-column-wrapper-legacy\"><div class=\"fusion-image-element fusion-image-align-center in-legacy-container\" style=\"text-align:center;--awb-liftup-border-radius:0px;--awb-caption-title-font-family:var(--h2_typography-font-family);--awb-caption-title-font-weight:var(--h2_typography-font-weight);--awb-caption-title-font-style:var(--h2_typography-font-style);--awb-caption-title-size:var(--h2_typography-font-size);--awb-caption-title-transform:var(--h2_typography-text-transform);--awb-caption-title-line-height:var(--h2_typography-line-height);--awb-caption-title-letter-spacing:var(--h2_typography-letter-spacing);\"><div class=\"imageframe-align-center\"><div class=\"awb-image-frame awb-image-frame-7 imageframe-liftup\"><span class=\" fusion-imageframe imageframe-none imageframe-7\"><a href=\"http:\/\/www.advance-stoffering.nl\/wp-content\/uploads\/2019\/11\/ZqpoPWeETWKVs16JlgWjpw-rotated.jpeg\" class=\"fusion-lightbox\" data-rel=\"iLightbox[show]\" data-title=\"ZqpoPWeETWKVs16JlgWjpw\" title=\"ZqpoPWeETWKVs16JlgWjpw\"><img decoding=\"async\" width=\"480\" height=\"640\" src=\"http:\/\/www.advance-stoffering.nl\/wp-content\/uploads\/2019\/11\/ZqpoPWeETWKVs16JlgWjpw-rotated.jpeg\" alt class=\"img-responsive wp-image-384\" srcset=\"http:\/\/www.advance-stoffering.nl\/wp-content\/uploads\/2019\/11\/ZqpoPWeETWKVs16JlgWjpw-200x267.jpeg 200w, http:\/\/www.advance-stoffering.nl\/wp-content\/uploads\/2019\/11\/ZqpoPWeETWKVs16JlgWjpw-400x533.jpeg 400w, http:\/\/www.advance-stoffering.nl\/wp-content\/uploads\/2019\/11\/ZqpoPWeETWKVs16JlgWjpw-rotated.jpeg 480w\" sizes=\"(max-width: 800px) 100vw, 480px\" \/><\/a><\/span><\/div><\/div><\/div><div class=\"fusion-clearfix\"><\/div><\/div><\/div><div class=\"fusion-layout-column fusion_builder_column fusion-builder-column-8 fusion_builder_column_1_2 1_2 fusion-one-half fusion-column-first\" style=\"--awb-bg-size:cover;width:50%;width:calc(50% - ( ( 4% ) * 0.5 ) );margin-right: 4%;\"><div class=\"fusion-column-wrapper fusion-flex-column-wrapper-legacy\"><div class=\"fusion-image-element fusion-image-align-center in-legacy-container\" style=\"text-align:center;--awb-liftup-border-radius:0px;--awb-caption-title-font-family:var(--h2_typography-font-family);--awb-caption-title-font-weight:var(--h2_typography-font-weight);--awb-caption-title-font-style:var(--h2_typography-font-style);--awb-caption-title-size:var(--h2_typography-font-size);--awb-caption-title-transform:var(--h2_typography-text-transform);--awb-caption-title-line-height:var(--h2_typography-line-height);--awb-caption-title-letter-spacing:var(--h2_typography-letter-spacing);\"><div class=\"imageframe-align-center\"><div class=\"awb-image-frame awb-image-frame-8 imageframe-liftup\"><span class=\" fusion-imageframe imageframe-none imageframe-8\"><a href=\"http:\/\/www.advance-stoffering.nl\/wp-content\/uploads\/2019\/11\/uSmdADxnSM6F0Su4rEpboA-rotated.jpeg\" class=\"fusion-lightbox\" data-rel=\"iLightbox[show]\" data-title=\"uSmdADxnSM6F0Su4rEpboA\" title=\"uSmdADxnSM6F0Su4rEpboA\"><img decoding=\"async\" width=\"480\" height=\"640\" src=\"http:\/\/www.advance-stoffering.nl\/wp-content\/uploads\/2019\/11\/uSmdADxnSM6F0Su4rEpboA-rotated.jpeg\" alt class=\"img-responsive wp-image-383\" srcset=\"http:\/\/www.advance-stoffering.nl\/wp-content\/uploads\/2019\/11\/uSmdADxnSM6F0Su4rEpboA-200x267.jpeg 200w, http:\/\/www.advance-stoffering.nl\/wp-content\/uploads\/2019\/11\/uSmdADxnSM6F0Su4rEpboA-400x533.jpeg 400w, http:\/\/www.advance-stoffering.nl\/wp-content\/uploads\/2019\/11\/uSmdADxnSM6F0Su4rEpboA-rotated.jpeg 480w\" sizes=\"(max-width: 800px) 100vw, 480px\" \/><\/a><\/span><\/div><\/div><\/div><div class=\"fusion-clearfix\"><\/div><\/div><\/div><div class=\"fusion-layout-column fusion_builder_column fusion-builder-column-9 fusion_builder_column_1_2 1_2 fusion-one-half fusion-column-last\" style=\"--awb-bg-size:cover;width:50%;width:calc(50% - ( ( 4% ) * 0.5 ) );\"><div class=\"fusion-column-wrapper fusion-flex-column-wrapper-legacy\"><div class=\"fusion-clearfix\"><\/div><\/div><\/div><\/div><\/div>\n","protected":false},"excerpt":{"rendered":"","protected":false},"author":1,"featured_media":0,"parent":0,"menu_order":0,"comment_status":"closed","ping_status":"closed","template":"","meta":{"footnotes":""},"_links":{"self":[{"href":"http:\/\/www.advance-stoffering.nl\/index.php?rest_route=\/wp\/v2\/pages\/411"}],"collection":[{"href":"http:\/\/www.advance-stoffering.nl\/index.php?rest_route=\/wp\/v2\/pages"}],"about":[{"href":"http:\/\/www.advance-stoffering.nl\/index.php?rest_route=\/wp\/v2\/types\/page"}],"author":[{"embeddable":true,"href":"http:\/\/www.advance-stoffering.nl\/index.php?rest_route=\/wp\/v2\/users\/1"}],"replies":[{"embeddable":true,"href":"http:\/\/www.advance-stoffering.nl\/index.php?rest_route=%2Fwp%2Fv2%2Fcomments&post=411"}],"version-history":[{"count":4,"href":"http:\/\/www.advance-stoffering.nl\/index.php?rest_route=\/wp\/v2\/pages\/411\/revisions"}],"predecessor-version":[{"id":415,"href":"http:\/\/www.advance-stoffering.nl\/index.php?rest_route=\/wp\/v2\/pages\/411\/revisions\/415"}],"wp:attachment":[{"href":"http:\/\/www.advance-stoffering.nl\/index.php?rest_route=%2Fwp%2Fv2%2Fmedia&parent=411"}],"curies":[{"name":"wp","href":"https:\/\/api.w.org\/{rel}","templated":true}]}}